{"id":1908,"date":"2024-04-14T09:14:54","date_gmt":"2024-04-14T09:14:54","guid":{"rendered":"https:\/\/acdaguilar.net\/?page_id=1908"},"modified":"2025-03-13T23:33:51","modified_gmt":"2025-03-13T23:33:51","slug":"asesoria-construccion-y-diseno-aguilar","status":"publish","type":"page","link":"https:\/\/acdaguilar.net\/","title":{"rendered":"Asesor\u00eda, Construcci\u00f3n y Dise\u00f1o Aguilar"},"content":{"rendered":"<div class=\"gb-container gb-container-95df6040 alignfull\">\n<div class=\"gb-container gb-container-1d2d6770\">\n<div class=\"gb-container gb-container-5abedce4\">\n\n<h5 class=\"wp-block-heading has-background-color has-text-color has-link-color wp-elements-79391ce1ad27f3cdb4311112ce8c1fb1\">Ac\u00e9rcate a los exepertos<\/h5>\n\n\n\n<h1 class=\"gb-headline gb-headline-3b2392d0 gb-headline-text\">Conoce nuestros servicios de asesor\u00eda, construcci\u00f3n y dise\u00f1o.<\/h1>\n\n\n<div class=\"gb-container gb-container-7fd546e0\">\n\n<a class=\"gb-button gb-button-27c01294 gb-button-text\" href=\"https:\/\/acdaguilar.net\/index.php\/nuestros-servicios\/\">Servicios<\/a>\n\n<\/div>\n<\/div>\n<\/div>\n<\/div>\n\n<div class=\"wp-block-image\">\n<figure class=\"alignleft size-large is-resized\"><img decoding=\"async\" src=\"https:\/\/rojocomercial.net\/wp-content\/uploads\/2025\/03\/LOGO-1-1024x503.jpg\" alt=\"\" class=\"wp-image-2072\" style=\"width:207px;height:auto\"\/><\/figure>\n<\/div>","protected":false},"excerpt":{"rendered":"<p>Ac\u00e9rcate a los exepertos Conoce nuestros servicios de asesor\u00eda, construcci\u00f3n y dise\u00f1o.<\/p>\n","protected":false},"author":1,"featured_media":0,"parent":0,"menu_order":0,"comment_status":"closed","ping_status":"closed","template":"templates\/template-cover.php","meta":{"footnotes":""},"class_list":["post-1908","page","type-page","status-publish","hentry"],"_links":{"self":[{"href":"https:\/\/acdaguilar.net\/index.php\/wp-json\/wp\/v2\/pages\/1908","targetHints":{"allow":["GET"]}}],"collection":[{"href":"https:\/\/acdaguilar.net\/index.php\/wp-json\/wp\/v2\/pages"}],"about":[{"href":"https:\/\/acdaguilar.net\/index.php\/wp-json\/wp\/v2\/types\/page"}],"author":[{"embeddable":true,"href":"https:\/\/acdaguilar.net\/index.php\/wp-json\/wp\/v2\/users\/1"}],"replies":[{"embeddable":true,"href":"https:\/\/acdaguilar.net\/index.php\/wp-json\/wp\/v2\/comments?post=1908"}],"version-history":[{"count":24,"href":"https:\/\/acdaguilar.net\/index.php\/wp-json\/wp\/v2\/pages\/1908\/revisions"}],"predecessor-version":[{"id":2316,"href":"https:\/\/acdaguilar.net\/index.php\/wp-json\/wp\/v2\/pages\/1908\/revisions\/2316"}],"wp:attachment":[{"href":"https:\/\/acdaguilar.net\/index.php\/wp-json\/wp\/v2\/media?parent=1908"}],"curies":[{"name":"wp","href":"https:\/\/api.w.org\/{rel}","templated":true}]}}