{"id":1946,"date":"2024-04-14T20:04:19","date_gmt":"2024-04-14T20:04:19","guid":{"rendered":"https:\/\/acdaguilar.net\/?page_id=1946"},"modified":"2024-05-10T21:54:34","modified_gmt":"2024-05-10T21:54:34","slug":"rehabilitacion-de-red-de-agua-potable-y-drenaje","status":"publish","type":"page","link":"https:\/\/acdaguilar.net\/index.php\/rehabilitacion-de-red-de-agua-potable-y-drenaje\/","title":{"rendered":"Rehabilitaci\u00f3n de red de agua potable y drenaje"},"content":{"rendered":"\n<h5 class=\"wp-block-heading has-text-align-center has-text-color has-link-color wp-elements-09f9456cb2ff232170ae2e3ea95e7dc7\" style=\"color:#030389\">Calle Cuauht\u00e9moc, municipio de Acatl\u00e1n de Ju\u00e1rez, Jalisco.<\/h5>\n\n\n\n<div class=\"wp-block-cover alignfull\" style=\"min-height:100vh;aspect-ratio:unset;\"><span aria-hidden=\"true\" class=\"wp-block-cover__background has-background-dim-60 has-background-dim\" style=\"background-color:#000000\"><\/span><video class=\"wp-block-cover__video-background intrinsic-ignore\" autoplay muted loop playsinline src=\"https:\/\/acdaguilar.net\/wp-content\/uploads\/2024\/04\/4976915-hd_1080_1920_25fps.mp4\" style=\"object-position:54% 47%\" data-object-fit=\"cover\" data-object-position=\"54% 47%\"><\/video><div class=\"wp-block-cover__inner-container is-layout-flow wp-block-cover-is-layout-flow\">\n<div class=\"wp-block-columns alignfull is-layout-flex wp-container-core-columns-is-layout-9d6595d7 wp-block-columns-is-layout-flex\">\n<div class=\"wp-block-column is-vertically-aligned-center is-layout-flow wp-block-column-is-layout-flow\">\n<figure class=\"wp-block-image alignfull size-full\"><img loading=\"lazy\" decoding=\"async\" width=\"3664\" height=\"3475\" src=\"https:\/\/acdaguilar.net\/wp-content\/uploads\/2024\/04\/FOTO2-2.png\" alt=\"\" class=\"wp-image-1967\" srcset=\"https:\/\/acdaguilar.net\/wp-content\/uploads\/2024\/04\/FOTO2-2.png 3664w, https:\/\/acdaguilar.net\/wp-content\/uploads\/2024\/04\/FOTO2-2-300x285.png 300w\" sizes=\"auto, (max-width: 3664px) 100vw, 3664px\" \/><\/figure>\n<\/div>\n\n\n\n<div class=\"wp-block-column is-vertically-aligned-center is-layout-flow wp-block-column-is-layout-flow\">\n<figure class=\"wp-block-image alignfull size-full\"><img loading=\"lazy\" decoding=\"async\" width=\"3679\" height=\"3490\" src=\"https:\/\/acdaguilar.net\/wp-content\/uploads\/2024\/04\/FOTO1-2.png\" alt=\"\" class=\"wp-image-1966\" srcset=\"https:\/\/acdaguilar.net\/wp-content\/uploads\/2024\/04\/FOTO1-2.png 3679w, https:\/\/acdaguilar.net\/wp-content\/uploads\/2024\/04\/FOTO1-2-300x285.png 300w\" sizes=\"auto, (max-width: 3679px) 100vw, 3679px\" \/><\/figure>\n<\/div>\n<\/div>\n<\/div><\/div>\n\n\n\n<div style=\"height:40px\" aria-hidden=\"true\" class=\"wp-block-spacer\"><\/div>\n\n\n\n<h5 class=\"wp-block-heading alignfull has-text-align-center has-text-color has-link-color wp-elements-3c51f7cc7c7d207a53979b5a79ba9f66\" style=\"color:#030389\">Con estas obras contribuimos al objetivo de mejorar la calidad de vida de los habitantes de la colonia y de esta manera, asegurar la distribuci\u00f3n eficiente del recurso.<\/h5>\n\n\n\n<div style=\"height:40px\" aria-hidden=\"true\" class=\"wp-block-spacer\"><\/div>\n\n\n\n<h1 class=\"wp-block-heading alignfull has-text-align-center\">Construcci\u00f3n de red de drenaje<\/h1>\n\n\n\n<h5 class=\"wp-block-heading has-text-align-center has-text-color has-link-color wp-elements-90fa0e73893f81a085f2f351437d4a38\" style=\"color:#030389\">\u00a0Construcci\u00f3n de Red de Drenaje en la Calle Degollado, Zacoalco de Torres, Jalisco.<\/h5>\n\n\n\n<div class=\"wp-block-cover alignfull\" style=\"min-height:100vh;aspect-ratio:unset;\"><span aria-hidden=\"true\" class=\"wp-block-cover__background has-background-dim-70 has-background-dim\" style=\"background-color:#000000\"><\/span><video class=\"wp-block-cover__video-background intrinsic-ignore\" autoplay muted loop playsinline src=\"https:\/\/acdaguilar.net\/wp-content\/uploads\/2024\/04\/3999403-hd_1920_1080_24fps.mp4\" data-object-fit=\"cover\"><\/video><div class=\"wp-block-cover__inner-container is-layout-flow wp-block-cover-is-layout-flow\">\n<div class=\"wp-block-columns alignfull are-vertically-aligned-center is-layout-flex wp-container-core-columns-is-layout-9d6595d7 wp-block-columns-is-layout-flex\">\n<div class=\"wp-block-column is-vertically-aligned-center is-layout-flow wp-block-column-is-layout-flow\">\n<figure class=\"wp-block-image alignfull size-large\"><img loading=\"lazy\" decoding=\"async\" width=\"2480\" height=\"2480\" src=\"https:\/\/acdaguilar.net\/wp-content\/uploads\/2024\/04\/FOTO3-edited.png\" alt=\"\" class=\"wp-image-1981\" srcset=\"https:\/\/acdaguilar.net\/wp-content\/uploads\/2024\/04\/FOTO3-edited.png 2480w, https:\/\/acdaguilar.net\/wp-content\/uploads\/2024\/04\/FOTO3-edited-300x300.png 300w, https:\/\/acdaguilar.net\/wp-content\/uploads\/2024\/04\/FOTO3-edited-1024x1024.png 1024w, https:\/\/acdaguilar.net\/wp-content\/uploads\/2024\/04\/FOTO3-edited-150x150.png 150w, https:\/\/acdaguilar.net\/wp-content\/uploads\/2024\/04\/FOTO3-edited-768x768.png 768w, https:\/\/acdaguilar.net\/wp-content\/uploads\/2024\/04\/FOTO3-edited-1536x1536.png 1536w, https:\/\/acdaguilar.net\/wp-content\/uploads\/2024\/04\/FOTO3-edited-2048x2048.png 2048w, https:\/\/acdaguilar.net\/wp-content\/uploads\/2024\/04\/FOTO3-edited-1200x1200.png 1200w, https:\/\/acdaguilar.net\/wp-content\/uploads\/2024\/04\/FOTO3-edited-1980x1980.png 1980w\" sizes=\"auto, (max-width: 2480px) 100vw, 2480px\" \/><\/figure>\n<\/div>\n\n\n\n<div class=\"wp-block-column is-vertically-aligned-center is-layout-flow wp-block-column-is-layout-flow\">\n<figure class=\"wp-block-image alignfull size-large is-style-default\"><img loading=\"lazy\" decoding=\"async\" width=\"1024\" height=\"753\" src=\"https:\/\/acdaguilar.net\/wp-content\/uploads\/2024\/04\/FOTO4-1024x753.png\" alt=\"\" class=\"wp-image-1977\" srcset=\"https:\/\/acdaguilar.net\/wp-content\/uploads\/2024\/04\/FOTO4-1024x753.png 1024w, https:\/\/acdaguilar.net\/wp-content\/uploads\/2024\/04\/FOTO4-300x220.png 300w, https:\/\/acdaguilar.net\/wp-content\/uploads\/2024\/04\/FOTO4-768x564.png 768w, https:\/\/acdaguilar.net\/wp-content\/uploads\/2024\/04\/FOTO4-1536x1129.png 1536w, https:\/\/acdaguilar.net\/wp-content\/uploads\/2024\/04\/FOTO4-2048x1505.png 2048w, https:\/\/acdaguilar.net\/wp-content\/uploads\/2024\/04\/FOTO4-1200x882.png 1200w, https:\/\/acdaguilar.net\/wp-content\/uploads\/2024\/04\/FOTO4-1980x1455.png 1980w\" sizes=\"auto, (max-width: 1024px) 100vw, 1024px\" \/><\/figure>\n<\/div>\n\n\n\n<div class=\"wp-block-column is-vertically-aligned-center is-layout-flow wp-block-column-is-layout-flow\">\n<h5 class=\"wp-block-heading alignfull has-text-align-center has-background-color has-text-color has-link-color wp-elements-eee4d7b94fcf8994b0d171bf25c21499\">Utilizando materiales de la mejor calidad en nuestros proyectos, as\u00ed es como aseguramos la durabilidad y eficiencia en los resultados.<\/h5>\n<\/div>\n<\/div>\n<\/div><\/div>\n\n\n<div class=\"wp-block-image\">\n<figure class=\"alignleft size-full is-resized\"><img loading=\"lazy\" decoding=\"async\" width=\"617\" height=\"334\" src=\"https:\/\/acdaguilar.net\/wp-content\/uploads\/2024\/04\/WhatsApp-Image-2024-04-14-at-1.25.21-AM-1.jpeg\" alt=\"\" class=\"wp-image-2157\" style=\"width:167px;height:auto\" srcset=\"https:\/\/acdaguilar.net\/wp-content\/uploads\/2024\/04\/WhatsApp-Image-2024-04-14-at-1.25.21-AM-1.jpeg 617w, https:\/\/acdaguilar.net\/wp-content\/uploads\/2024\/04\/WhatsApp-Image-2024-04-14-at-1.25.21-AM-1-300x162.jpeg 300w\" sizes=\"auto, (max-width: 617px) 100vw, 617px\" \/><\/figure>\n<\/div>","protected":false},"excerpt":{"rendered":"<p>Calle Cuauht\u00e9moc, municipio de Acatl\u00e1n de Ju\u00e1rez, Jalisco. Con estas obras contribuimos al objetivo de mejorar la calidad de vida de los habitantes de la colonia y de esta manera, asegurar la distribuci\u00f3n eficiente del recurso. Construcci\u00f3n de red de drenaje \u00a0Construcci\u00f3n de Red de Drenaje en la Calle Degollado, Zacoalco de Torres, Jalisco.<\/p>\n","protected":false},"author":1,"featured_media":0,"parent":0,"menu_order":0,"comment_status":"closed","ping_status":"closed","template":"","meta":{"footnotes":""},"class_list":["post-1946","page","type-page","status-publish","hentry"],"_links":{"self":[{"href":"https:\/\/acdaguilar.net\/index.php\/wp-json\/wp\/v2\/pages\/1946","targetHints":{"allow":["GET"]}}],"collection":[{"href":"https:\/\/acdaguilar.net\/index.php\/wp-json\/wp\/v2\/pages"}],"about":[{"href":"https:\/\/acdaguilar.net\/index.php\/wp-json\/wp\/v2\/types\/page"}],"author":[{"embeddable":true,"href":"https:\/\/acdaguilar.net\/index.php\/wp-json\/wp\/v2\/users\/1"}],"replies":[{"embeddable":true,"href":"https:\/\/acdaguilar.net\/index.php\/wp-json\/wp\/v2\/comments?post=1946"}],"version-history":[{"count":11,"href":"https:\/\/acdaguilar.net\/index.php\/wp-json\/wp\/v2\/pages\/1946\/revisions"}],"predecessor-version":[{"id":2261,"href":"https:\/\/acdaguilar.net\/index.php\/wp-json\/wp\/v2\/pages\/1946\/revisions\/2261"}],"wp:attachment":[{"href":"https:\/\/acdaguilar.net\/index.php\/wp-json\/wp\/v2\/media?parent=1946"}],"curies":[{"name":"wp","href":"https:\/\/api.w.org\/{rel}","templated":true}]}}