{"id":1949,"date":"2024-04-14T20:05:52","date_gmt":"2024-04-14T20:05:52","guid":{"rendered":"https:\/\/acdaguilar.net\/?page_id=1949"},"modified":"2024-05-11T19:38:05","modified_gmt":"2024-05-11T19:38:05","slug":"construccion-de-andador-peatonal-para-paso-de-puente","status":"publish","type":"page","link":"https:\/\/acdaguilar.net\/index.php\/construccion-de-andador-peatonal-para-paso-de-puente\/","title":{"rendered":"Construcci\u00f3n de Andador Peatonal 1"},"content":{"rendered":"\n<h4 class=\"wp-block-heading alignfull has-text-align-center has-text-color has-link-color wp-elements-596b4530cdc85fcaa38f7cc15fec2d36\" style=\"color:#030389\">Construcci\u00f3n de rampa 1 peatonal en Huilacatitl\u00e1n para paso de puente<\/h4>\n\n\n\n<div class=\"wp-block-columns alignfull are-vertically-aligned-center has-background-background-color has-background is-layout-flex wp-container-core-columns-is-layout-9d6595d7 wp-block-columns-is-layout-flex\">\n<div class=\"wp-block-column is-vertically-aligned-center has-background-background-color has-background is-layout-flow wp-block-column-is-layout-flow\" style=\"flex-basis:66.66%\">\n<figure class=\"wp-block-gallery has-nested-images columns-default is-cropped wp-block-gallery-1 is-layout-flex wp-block-gallery-is-layout-flex\">\n<figure class=\"wp-block-image alignfull size-large\"><img loading=\"lazy\" decoding=\"async\" width=\"1024\" height=\"421\" data-id=\"2263\" src=\"https:\/\/acdaguilar.net\/wp-content\/uploads\/2024\/05\/PUENTE1-1024x421.png\" alt=\"\" class=\"wp-image-2263\" srcset=\"https:\/\/acdaguilar.net\/wp-content\/uploads\/2024\/05\/PUENTE1-1024x421.png 1024w, https:\/\/acdaguilar.net\/wp-content\/uploads\/2024\/05\/PUENTE1-300x123.png 300w, https:\/\/acdaguilar.net\/wp-content\/uploads\/2024\/05\/PUENTE1-768x316.png 768w, https:\/\/acdaguilar.net\/wp-content\/uploads\/2024\/05\/PUENTE1-1200x494.png 1200w, https:\/\/acdaguilar.net\/wp-content\/uploads\/2024\/05\/PUENTE1.png 1386w\" sizes=\"auto, (max-width: 1024px) 100vw, 1024px\" \/><\/figure>\n\n\n\n<figure class=\"wp-block-image size-large\"><img loading=\"lazy\" decoding=\"async\" width=\"1024\" height=\"986\" data-id=\"1988\" src=\"https:\/\/acdaguilar.net\/wp-content\/uploads\/2024\/04\/FOTO5-1-1024x986.png\" alt=\"\" class=\"wp-image-1988\" srcset=\"https:\/\/acdaguilar.net\/wp-content\/uploads\/2024\/04\/FOTO5-1-1024x986.png 1024w, https:\/\/acdaguilar.net\/wp-content\/uploads\/2024\/04\/FOTO5-1-300x289.png 300w, https:\/\/acdaguilar.net\/wp-content\/uploads\/2024\/04\/FOTO5-1-768x739.png 768w, https:\/\/acdaguilar.net\/wp-content\/uploads\/2024\/04\/FOTO5-1-1536x1478.png 1536w, https:\/\/acdaguilar.net\/wp-content\/uploads\/2024\/04\/FOTO5-1-2048x1971.png 2048w, https:\/\/acdaguilar.net\/wp-content\/uploads\/2024\/04\/FOTO5-1-1200x1155.png 1200w, https:\/\/acdaguilar.net\/wp-content\/uploads\/2024\/04\/FOTO5-1-1980x1906.png 1980w\" sizes=\"auto, (max-width: 1024px) 100vw, 1024px\" \/><\/figure>\n\n\n\n<figure class=\"wp-block-image size-large\"><img loading=\"lazy\" decoding=\"async\" width=\"1024\" height=\"980\" data-id=\"1986\" src=\"https:\/\/acdaguilar.net\/wp-content\/uploads\/2024\/04\/FOTO6-1024x980.png\" alt=\"\" class=\"wp-image-1986\" srcset=\"https:\/\/acdaguilar.net\/wp-content\/uploads\/2024\/04\/FOTO6-1024x980.png 1024w, https:\/\/acdaguilar.net\/wp-content\/uploads\/2024\/04\/FOTO6-300x287.png 300w, https:\/\/acdaguilar.net\/wp-content\/uploads\/2024\/04\/FOTO6-768x735.png 768w, https:\/\/acdaguilar.net\/wp-content\/uploads\/2024\/04\/FOTO6-1536x1470.png 1536w, https:\/\/acdaguilar.net\/wp-content\/uploads\/2024\/04\/FOTO6-2048x1960.png 2048w, https:\/\/acdaguilar.net\/wp-content\/uploads\/2024\/04\/FOTO6-1200x1149.png 1200w, https:\/\/acdaguilar.net\/wp-content\/uploads\/2024\/04\/FOTO6-1980x1895.png 1980w\" sizes=\"auto, (max-width: 1024px) 100vw, 1024px\" \/><\/figure>\n\n\n\n<figure class=\"wp-block-image size-large\"><img loading=\"lazy\" decoding=\"async\" width=\"1024\" height=\"424\" data-id=\"2264\" src=\"https:\/\/acdaguilar.net\/wp-content\/uploads\/2024\/05\/PUENTE2-1024x424.png\" alt=\"\" class=\"wp-image-2264\" srcset=\"https:\/\/acdaguilar.net\/wp-content\/uploads\/2024\/05\/PUENTE2-1024x424.png 1024w, https:\/\/acdaguilar.net\/wp-content\/uploads\/2024\/05\/PUENTE2-300x124.png 300w, https:\/\/acdaguilar.net\/wp-content\/uploads\/2024\/05\/PUENTE2-768x318.png 768w, https:\/\/acdaguilar.net\/wp-content\/uploads\/2024\/05\/PUENTE2-1200x497.png 1200w, https:\/\/acdaguilar.net\/wp-content\/uploads\/2024\/05\/PUENTE2.png 1392w\" sizes=\"auto, (max-width: 1024px) 100vw, 1024px\" \/><\/figure>\n<\/figure>\n<\/div>\n\n\n\n<div class=\"wp-block-column is-vertically-aligned-center has-background-color has-text-color has-link-color wp-elements-214e113d3613be4e2e6c43b6b304084f is-layout-flow wp-block-column-is-layout-flow\" style=\"flex-basis:33.33%\">\n<h2 class=\"wp-block-heading alignfull has-text-align-center has-text-color has-link-color wp-elements-3f2a316d7bdaba9601ad0263dd3875ab\" style=\"color:#030389\">Andador 1<\/h2>\n<\/div>\n<\/div>\n\n\n\n<div class=\"wp-block-cover alignfull\" style=\"min-height:353px;aspect-ratio:unset;\"><span aria-hidden=\"true\" class=\"wp-block-cover__background has-primary-background-color has-background-dim-60 has-background-dim\"><\/span><video class=\"wp-block-cover__video-background intrinsic-ignore\" autoplay muted loop playsinline src=\"https:\/\/acdaguilar.net\/wp-content\/uploads\/2024\/04\/5319927-uhd_3840_2160_25fps.mp4\" data-object-fit=\"cover\"><\/video><div class=\"wp-block-cover__inner-container is-layout-flow wp-block-cover-is-layout-flow\">\n<h1 class=\"wp-block-heading has-text-align-center has-background has-large-font-size\" style=\"background-color:#030389\">M\u00e1s accesibilidad y seguridad para los habitantes<\/h1>\n<\/div><\/div>\n\n\n\n<div class=\"wp-block-columns alignfull are-vertically-aligned-center is-layout-flex wp-container-core-columns-is-layout-9d6595d7 wp-block-columns-is-layout-flex\">\n<div class=\"wp-block-column is-vertically-aligned-center is-layout-flow wp-block-column-is-layout-flow\" style=\"flex-basis:33.33%\">\n<h2 class=\"wp-block-heading alignfull has-text-align-center has-text-color has-link-color wp-elements-d48ce55895a12eda390b538772be1eea\" style=\"color:#030389\">Andador 2<\/h2>\n<\/div>\n\n\n\n<div class=\"wp-block-column is-vertically-aligned-center is-layout-flow wp-block-column-is-layout-flow\" style=\"flex-basis:66.66%\">\n<figure class=\"wp-block-gallery has-nested-images columns-default is-cropped wp-block-gallery-2 is-layout-flex wp-block-gallery-is-layout-flex\">\n<figure class=\"wp-block-image size-large\"><img loading=\"lazy\" decoding=\"async\" width=\"1024\" height=\"1013\" data-id=\"1999\" src=\"https:\/\/acdaguilar.net\/wp-content\/uploads\/2024\/04\/FOTO8-1024x1013.png\" alt=\"\" class=\"wp-image-1999\" srcset=\"https:\/\/acdaguilar.net\/wp-content\/uploads\/2024\/04\/FOTO8-1024x1013.png 1024w, https:\/\/acdaguilar.net\/wp-content\/uploads\/2024\/04\/FOTO8-300x297.png 300w, https:\/\/acdaguilar.net\/wp-content\/uploads\/2024\/04\/FOTO8-768x760.png 768w, https:\/\/acdaguilar.net\/wp-content\/uploads\/2024\/04\/FOTO8-1536x1520.png 1536w, https:\/\/acdaguilar.net\/wp-content\/uploads\/2024\/04\/FOTO8-2048x2026.png 2048w, https:\/\/acdaguilar.net\/wp-content\/uploads\/2024\/04\/FOTO8-1200x1187.png 1200w, https:\/\/acdaguilar.net\/wp-content\/uploads\/2024\/04\/FOTO8-1980x1959.png 1980w\" sizes=\"auto, (max-width: 1024px) 100vw, 1024px\" \/><\/figure>\n\n\n\n<figure class=\"wp-block-image size-large\"><img loading=\"lazy\" decoding=\"async\" width=\"1024\" height=\"991\" data-id=\"1998\" src=\"https:\/\/acdaguilar.net\/wp-content\/uploads\/2024\/04\/FOTO7-1024x991.png\" alt=\"\" class=\"wp-image-1998\" srcset=\"https:\/\/acdaguilar.net\/wp-content\/uploads\/2024\/04\/FOTO7-1024x991.png 1024w, https:\/\/acdaguilar.net\/wp-content\/uploads\/2024\/04\/FOTO7-300x290.png 300w, https:\/\/acdaguilar.net\/wp-content\/uploads\/2024\/04\/FOTO7-768x743.png 768w, https:\/\/acdaguilar.net\/wp-content\/uploads\/2024\/04\/FOTO7-1536x1486.png 1536w, https:\/\/acdaguilar.net\/wp-content\/uploads\/2024\/04\/FOTO7-2048x1981.png 2048w, https:\/\/acdaguilar.net\/wp-content\/uploads\/2024\/04\/FOTO7-1200x1161.png 1200w, https:\/\/acdaguilar.net\/wp-content\/uploads\/2024\/04\/FOTO7-1980x1916.png 1980w\" sizes=\"auto, (max-width: 1024px) 100vw, 1024px\" \/><\/figure>\n\n\n\n<figure class=\"wp-block-image size-large\"><img loading=\"lazy\" decoding=\"async\" width=\"1024\" height=\"761\" data-id=\"2267\" src=\"https:\/\/acdaguilar.net\/wp-content\/uploads\/2024\/05\/ANDADOR-2-1-1024x761.png\" alt=\"\" class=\"wp-image-2267\" srcset=\"https:\/\/acdaguilar.net\/wp-content\/uploads\/2024\/05\/ANDADOR-2-1-1024x761.png 1024w, https:\/\/acdaguilar.net\/wp-content\/uploads\/2024\/05\/ANDADOR-2-1-300x223.png 300w, https:\/\/acdaguilar.net\/wp-content\/uploads\/2024\/05\/ANDADOR-2-1-768x571.png 768w, https:\/\/acdaguilar.net\/wp-content\/uploads\/2024\/05\/ANDADOR-2-1-1200x892.png 1200w, https:\/\/acdaguilar.net\/wp-content\/uploads\/2024\/05\/ANDADOR-2-1.png 1350w\" sizes=\"auto, (max-width: 1024px) 100vw, 1024px\" \/><\/figure>\n\n\n\n<figure class=\"wp-block-image size-large\"><img loading=\"lazy\" decoding=\"async\" width=\"1024\" height=\"761\" data-id=\"2266\" src=\"https:\/\/acdaguilar.net\/wp-content\/uploads\/2024\/05\/ANDADOR-2-2-1024x761.png\" alt=\"\" class=\"wp-image-2266\" srcset=\"https:\/\/acdaguilar.net\/wp-content\/uploads\/2024\/05\/ANDADOR-2-2-1024x761.png 1024w, https:\/\/acdaguilar.net\/wp-content\/uploads\/2024\/05\/ANDADOR-2-2-300x223.png 300w, https:\/\/acdaguilar.net\/wp-content\/uploads\/2024\/05\/ANDADOR-2-2-768x571.png 768w, https:\/\/acdaguilar.net\/wp-content\/uploads\/2024\/05\/ANDADOR-2-2-1200x892.png 1200w, https:\/\/acdaguilar.net\/wp-content\/uploads\/2024\/05\/ANDADOR-2-2.png 1350w\" sizes=\"auto, (max-width: 1024px) 100vw, 1024px\" \/><\/figure>\n<\/figure>\n<\/div>\n<\/div>\n\n\n\n<h1 class=\"wp-block-heading alignfull has-text-align-center\">Pavimentaci\u00f3n con Empedrado Zampeado<\/h1>\n\n\n\n<h4 class=\"wp-block-heading alignfull has-text-align-center has-text-color has-link-color wp-elements-d2aba51b45023aa72fa1e8d265ac78af\" style=\"color:#030389\">Calle Hidalgo, San Marco Evangelista, Zacoalco de Torres <\/h4>\n\n\n\n<div class=\"wp-block-cover alignfull has-parallax\" style=\"min-height:597px;aspect-ratio:unset;\"><span aria-hidden=\"true\" class=\"wp-block-cover__background has-primary-background-color has-background-dim-70 has-background-dim\"><\/span><div class=\"wp-block-cover__image-background wp-image-2269 has-parallax\" style=\"background-position:50% 50%;background-image:url(https:\/\/acdaguilar.net\/wp-content\/uploads\/2024\/05\/ZAMPEADO.jpeg)\"><\/div><div class=\"wp-block-cover__inner-container is-layout-flow wp-block-cover-is-layout-flow\">\n<div class=\"wp-block-columns alignfull are-vertically-aligned-top is-layout-flex wp-container-core-columns-is-layout-9d6595d7 wp-block-columns-is-layout-flex\">\n<div class=\"wp-block-column is-vertically-aligned-top is-layout-flow wp-block-column-is-layout-flow\" style=\"flex-basis:66.66%\">\n<figure class=\"wp-block-image alignfull size-large\"><img loading=\"lazy\" decoding=\"async\" width=\"1024\" height=\"759\" src=\"https:\/\/acdaguilar.net\/wp-content\/uploads\/2024\/05\/ZAMPEADO1-1024x759.png\" alt=\"\" class=\"wp-image-2270\" srcset=\"https:\/\/acdaguilar.net\/wp-content\/uploads\/2024\/05\/ZAMPEADO1-1024x759.png 1024w, https:\/\/acdaguilar.net\/wp-content\/uploads\/2024\/05\/ZAMPEADO1-300x222.png 300w, https:\/\/acdaguilar.net\/wp-content\/uploads\/2024\/05\/ZAMPEADO1-768x569.png 768w, https:\/\/acdaguilar.net\/wp-content\/uploads\/2024\/05\/ZAMPEADO1-1200x890.png 1200w, https:\/\/acdaguilar.net\/wp-content\/uploads\/2024\/05\/ZAMPEADO1.png 1434w\" sizes=\"auto, (max-width: 1024px) 100vw, 1024px\" \/><\/figure>\n<\/div>\n\n\n\n<div class=\"wp-block-column is-vertically-aligned-top is-layout-flow wp-block-column-is-layout-flow\" style=\"flex-basis:33.33%\">\n<figure class=\"wp-block-image alignfull size-large\"><img loading=\"lazy\" decoding=\"async\" width=\"1024\" height=\"759\" src=\"https:\/\/acdaguilar.net\/wp-content\/uploads\/2024\/05\/ZAMPEADO2-1024x759.png\" alt=\"\" class=\"wp-image-2271\" srcset=\"https:\/\/acdaguilar.net\/wp-content\/uploads\/2024\/05\/ZAMPEADO2-1024x759.png 1024w, https:\/\/acdaguilar.net\/wp-content\/uploads\/2024\/05\/ZAMPEADO2-300x222.png 300w, https:\/\/acdaguilar.net\/wp-content\/uploads\/2024\/05\/ZAMPEADO2-768x569.png 768w, https:\/\/acdaguilar.net\/wp-content\/uploads\/2024\/05\/ZAMPEADO2-1200x890.png 1200w, https:\/\/acdaguilar.net\/wp-content\/uploads\/2024\/05\/ZAMPEADO2.png 1434w\" sizes=\"auto, (max-width: 1024px) 100vw, 1024px\" \/><\/figure>\n\n\n\n<h2 class=\"wp-block-heading alignfull has-text-align-center\">Zacoalco de Torres<\/h2>\n<\/div>\n<\/div>\n<\/div><\/div>\n\n\n\n<h1 class=\"wp-block-heading alignfull has-text-align-center\">Construcci\u00f3n de Empedrado Ahogado<\/h1>\n\n\n\n<h4 class=\"wp-block-heading alignfull has-text-align-center has-text-color has-link-color wp-elements-b806cb74c01030b20045216ebd9b8350\" style=\"color:#030389\">Calle Pilila en el Municipio de Atoyac, Jalisco.<\/h4>\n\n\n\n<figure class=\"wp-block-gallery alignfull has-nested-images columns-default is-cropped wp-block-gallery-3 is-layout-flex wp-block-gallery-is-layout-flex\">\n<figure class=\"wp-block-image size-large\"><img loading=\"lazy\" decoding=\"async\" width=\"1024\" height=\"738\" data-id=\"2290\" src=\"https:\/\/acdaguilar.net\/wp-content\/uploads\/2024\/05\/AHOGADO-2-1024x738.png\" alt=\"\" class=\"wp-image-2290\" srcset=\"https:\/\/acdaguilar.net\/wp-content\/uploads\/2024\/05\/AHOGADO-2-1024x738.png 1024w, https:\/\/acdaguilar.net\/wp-content\/uploads\/2024\/05\/AHOGADO-2-300x216.png 300w, https:\/\/acdaguilar.net\/wp-content\/uploads\/2024\/05\/AHOGADO-2-768x553.png 768w, https:\/\/acdaguilar.net\/wp-content\/uploads\/2024\/05\/AHOGADO-2-1536x1107.png 1536w\" sizes=\"auto, (max-width: 1024px) 100vw, 1024px\" \/><\/figure>\n\n\n\n<figure class=\"wp-block-image size-large\"><img loading=\"lazy\" decoding=\"async\" width=\"1024\" height=\"748\" data-id=\"2291\" src=\"https:\/\/acdaguilar.net\/wp-content\/uploads\/2024\/05\/AHOGADO2-1024x748.png\" alt=\"\" class=\"wp-image-2291\" srcset=\"https:\/\/acdaguilar.net\/wp-content\/uploads\/2024\/05\/AHOGADO2-1024x748.png 1024w, https:\/\/acdaguilar.net\/wp-content\/uploads\/2024\/05\/AHOGADO2-300x219.png 300w, https:\/\/acdaguilar.net\/wp-content\/uploads\/2024\/05\/AHOGADO2-768x561.png 768w, https:\/\/acdaguilar.net\/wp-content\/uploads\/2024\/05\/AHOGADO2-1536x1122.png 1536w\" sizes=\"auto, (max-width: 1024px) 100vw, 1024px\" \/><\/figure>\n<\/figure>\n\n\n<div class=\"wp-block-image\">\n<figure class=\"alignleft size-full is-resized\"><img loading=\"lazy\" decoding=\"async\" width=\"617\" height=\"334\" src=\"https:\/\/acdaguilar.net\/wp-content\/uploads\/2024\/04\/WhatsApp-Image-2024-04-14-at-1.25.21-AM-1.jpeg\" alt=\"\" class=\"wp-image-2157\" style=\"width:210px;height:auto\" srcset=\"https:\/\/acdaguilar.net\/wp-content\/uploads\/2024\/04\/WhatsApp-Image-2024-04-14-at-1.25.21-AM-1.jpeg 617w, https:\/\/acdaguilar.net\/wp-content\/uploads\/2024\/04\/WhatsApp-Image-2024-04-14-at-1.25.21-AM-1-300x162.jpeg 300w\" sizes=\"auto, (max-width: 617px) 100vw, 617px\" \/><\/figure>\n<\/div>","protected":false},"excerpt":{"rendered":"<p>Construcci\u00f3n de rampa 1 peatonal en Huilacatitl\u00e1n para paso de puente Andador 1 Andador 2 Pavimentaci\u00f3n con Empedrado Zampeado Calle Hidalgo, San Marco Evangelista, Zacoalco de Torres Construcci\u00f3n de Empedrado Ahogado Calle Pilila en el Municipio de Atoyac, Jalisco.<\/p>\n","protected":false},"author":1,"featured_media":1984,"parent":0,"menu_order":0,"comment_status":"closed","ping_status":"closed","template":"templates\/template-cover.php","meta":{"footnotes":""},"class_list":["post-1949","page","type-page","status-publish","has-post-thumbnail","hentry"],"_links":{"self":[{"href":"https:\/\/acdaguilar.net\/index.php\/wp-json\/wp\/v2\/pages\/1949","targetHints":{"allow":["GET"]}}],"collection":[{"href":"https:\/\/acdaguilar.net\/index.php\/wp-json\/wp\/v2\/pages"}],"about":[{"href":"https:\/\/acdaguilar.net\/index.php\/wp-json\/wp\/v2\/types\/page"}],"author":[{"embeddable":true,"href":"https:\/\/acdaguilar.net\/index.php\/wp-json\/wp\/v2\/users\/1"}],"replies":[{"embeddable":true,"href":"https:\/\/acdaguilar.net\/index.php\/wp-json\/wp\/v2\/comments?post=1949"}],"version-history":[{"count":16,"href":"https:\/\/acdaguilar.net\/index.php\/wp-json\/wp\/v2\/pages\/1949\/revisions"}],"predecessor-version":[{"id":2292,"href":"https:\/\/acdaguilar.net\/index.php\/wp-json\/wp\/v2\/pages\/1949\/revisions\/2292"}],"wp:featuredmedia":[{"embeddable":true,"href":"https:\/\/acdaguilar.net\/index.php\/wp-json\/wp\/v2\/media\/1984"}],"wp:attachment":[{"href":"https:\/\/acdaguilar.net\/index.php\/wp-json\/wp\/v2\/media?parent=1949"}],"curies":[{"name":"wp","href":"https:\/\/api.w.org\/{rel}","templated":true}]}}