{"id":1951,"date":"2024-04-14T20:06:56","date_gmt":"2024-04-14T20:06:56","guid":{"rendered":"https:\/\/acdaguilar.net\/?page_id=1951"},"modified":"2024-05-11T19:19:51","modified_gmt":"2024-05-11T19:19:51","slug":"pavimentacion-red-sanitaria-y-red-hidraulica","status":"publish","type":"page","link":"https:\/\/acdaguilar.net\/index.php\/pavimentacion-red-sanitaria-y-red-hidraulica\/","title":{"rendered":"Pavimentaci\u00f3n con Asfalto, Red Sanitaria e Hidr\u00e1ulica"},"content":{"rendered":"\n<h4 class=\"wp-block-heading alignfull has-text-align-center has-text-color has-link-color wp-elements-25d5eaf94699f0b07b8787397a27801f\" style=\"color:#030389\">Delegaci\u00f3n La Resolana, municipio de Acatl\u00e1n de Ju\u00e1rez, Jalisco<\/h4>\n\n\n\n<figure class=\"wp-block-gallery alignfull has-nested-images columns-default is-cropped wp-block-gallery-1 is-layout-flex wp-block-gallery-is-layout-flex\">\n<figure class=\"wp-block-image size-large\"><img loading=\"lazy\" decoding=\"async\" width=\"1024\" height=\"999\" data-id=\"2003\" src=\"https:\/\/acdaguilar.net\/wp-content\/uploads\/2024\/04\/FOTO9-1024x999.png\" alt=\"\" class=\"wp-image-2003\" srcset=\"https:\/\/acdaguilar.net\/wp-content\/uploads\/2024\/04\/FOTO9-1024x999.png 1024w, https:\/\/acdaguilar.net\/wp-content\/uploads\/2024\/04\/FOTO9-300x293.png 300w, https:\/\/acdaguilar.net\/wp-content\/uploads\/2024\/04\/FOTO9-768x750.png 768w, https:\/\/acdaguilar.net\/wp-content\/uploads\/2024\/04\/FOTO9-1536x1499.png 1536w, https:\/\/acdaguilar.net\/wp-content\/uploads\/2024\/04\/FOTO9-2048x1999.png 2048w, https:\/\/acdaguilar.net\/wp-content\/uploads\/2024\/04\/FOTO9-1200x1171.png 1200w, https:\/\/acdaguilar.net\/wp-content\/uploads\/2024\/04\/FOTO9-1980x1933.png 1980w\" sizes=\"auto, (max-width: 1024px) 100vw, 1024px\" \/><\/figure>\n\n\n\n<figure class=\"wp-block-image size-large\"><img loading=\"lazy\" decoding=\"async\" width=\"1024\" height=\"1004\" data-id=\"2002\" src=\"https:\/\/acdaguilar.net\/wp-content\/uploads\/2024\/04\/FOTO10-1024x1004.png\" alt=\"\" class=\"wp-image-2002\" srcset=\"https:\/\/acdaguilar.net\/wp-content\/uploads\/2024\/04\/FOTO10-1024x1004.png 1024w, https:\/\/acdaguilar.net\/wp-content\/uploads\/2024\/04\/FOTO10-300x294.png 300w, https:\/\/acdaguilar.net\/wp-content\/uploads\/2024\/04\/FOTO10-768x753.png 768w, https:\/\/acdaguilar.net\/wp-content\/uploads\/2024\/04\/FOTO10-1536x1506.png 1536w, https:\/\/acdaguilar.net\/wp-content\/uploads\/2024\/04\/FOTO10-2048x2008.png 2048w, https:\/\/acdaguilar.net\/wp-content\/uploads\/2024\/04\/FOTO10-1200x1177.png 1200w, https:\/\/acdaguilar.net\/wp-content\/uploads\/2024\/04\/FOTO10-1980x1942.png 1980w\" sizes=\"auto, (max-width: 1024px) 100vw, 1024px\" \/><\/figure>\n<\/figure>\n\n\n\n<h4 class=\"wp-block-heading alignfull has-text-align-center has-text-color has-link-color wp-elements-1a46df1b1cf7239e445ae425f2b7025d\" style=\"color:#030389\"> Calles Hidalgo y \u00c1vila Camacho<\/h4>\n\n\n\n<h1 class=\"wp-block-heading alignfull has-text-align-center\">Construcci\u00f3n de parque p\u00fablico<\/h1>\n\n\n\n<h5 class=\"wp-block-heading has-text-align-center has-text-color has-link-color wp-elements-b37efa0fa09049cce247b7deb3c5e8c2\" style=\"color:#030389\">Municipio de Atoyac, Jalisco<\/h5>\n\n\n\n<div class=\"wp-block-cover alignfull\" style=\"min-height:488px;aspect-ratio:unset;\"><span aria-hidden=\"true\" class=\"wp-block-cover__background has-primary-background-color has-background-dim-70 has-background-dim\"><\/span><video class=\"wp-block-cover__video-background intrinsic-ignore\" autoplay muted loop playsinline src=\"https:\/\/acdaguilar.net\/wp-content\/uploads\/2024\/04\/7334678-hd_1920_1080_24fps.mp4\" data-object-fit=\"cover\"><\/video><div class=\"wp-block-cover__inner-container is-layout-flow wp-block-cover-is-layout-flow\">\n<h2 class=\"wp-block-heading has-text-align-center\">Skate Park<\/h2>\n\n\n\n<div class=\"wp-block-columns alignfull are-vertically-aligned-center is-layout-flex wp-container-core-columns-is-layout-9d6595d7 wp-block-columns-is-layout-flex\">\n<div class=\"wp-block-column is-vertically-aligned-center is-layout-flow wp-block-column-is-layout-flow\">\n<figure class=\"wp-block-image alignfull size-large\"><img loading=\"lazy\" decoding=\"async\" width=\"1024\" height=\"1013\" src=\"https:\/\/acdaguilar.net\/wp-content\/uploads\/2024\/04\/FOTO12-1-1024x1013.png\" alt=\"\" class=\"wp-image-2013\" srcset=\"https:\/\/acdaguilar.net\/wp-content\/uploads\/2024\/04\/FOTO12-1-1024x1013.png 1024w, https:\/\/acdaguilar.net\/wp-content\/uploads\/2024\/04\/FOTO12-1-300x297.png 300w, https:\/\/acdaguilar.net\/wp-content\/uploads\/2024\/04\/FOTO12-1-768x760.png 768w, https:\/\/acdaguilar.net\/wp-content\/uploads\/2024\/04\/FOTO12-1-1536x1520.png 1536w, https:\/\/acdaguilar.net\/wp-content\/uploads\/2024\/04\/FOTO12-1-2048x2026.png 2048w, https:\/\/acdaguilar.net\/wp-content\/uploads\/2024\/04\/FOTO12-1-1200x1187.png 1200w, https:\/\/acdaguilar.net\/wp-content\/uploads\/2024\/04\/FOTO12-1-1980x1959.png 1980w\" sizes=\"auto, (max-width: 1024px) 100vw, 1024px\" \/><\/figure>\n<\/div>\n\n\n\n<div class=\"wp-block-column is-vertically-aligned-center is-layout-flow wp-block-column-is-layout-flow\">\n<h4 class=\"wp-block-heading has-text-align-center\">Colonia Jardines de Atoyac, municipio de Atoyac, Jalisco.<\/h4>\n<\/div>\n\n\n\n<div class=\"wp-block-column is-vertically-aligned-center is-layout-flow wp-block-column-is-layout-flow\">\n<figure class=\"wp-block-image size-large\"><img loading=\"lazy\" decoding=\"async\" width=\"1024\" height=\"1009\" src=\"https:\/\/acdaguilar.net\/wp-content\/uploads\/2024\/04\/FOTO11-1-1024x1009.png\" alt=\"\" class=\"wp-image-2011\" srcset=\"https:\/\/acdaguilar.net\/wp-content\/uploads\/2024\/04\/FOTO11-1-1024x1009.png 1024w, https:\/\/acdaguilar.net\/wp-content\/uploads\/2024\/04\/FOTO11-1-300x296.png 300w, https:\/\/acdaguilar.net\/wp-content\/uploads\/2024\/04\/FOTO11-1-768x757.png 768w, https:\/\/acdaguilar.net\/wp-content\/uploads\/2024\/04\/FOTO11-1-1536x1513.png 1536w, https:\/\/acdaguilar.net\/wp-content\/uploads\/2024\/04\/FOTO11-1-2048x2018.png 2048w, https:\/\/acdaguilar.net\/wp-content\/uploads\/2024\/04\/FOTO11-1-1200x1182.png 1200w\" sizes=\"auto, (max-width: 1024px) 100vw, 1024px\" \/><\/figure>\n<\/div>\n<\/div>\n<\/div><\/div>\n\n\n\n<h1 class=\"wp-block-heading alignfull has-text-align-center\">Unidad Deportiva<\/h1>\n\n\n\n<h5 class=\"wp-block-heading has-text-align-center has-text-color has-link-color wp-elements-f560f2da83ea5760bedd09631bbd96dd\" style=\"color:#030389\">Construcci\u00f3n de la segunda etapa de la Unidad Deportiva Luis Manuel Rojas<\/h5>\n\n\n\n<div class=\"wp-block-columns alignfull are-vertically-aligned-center is-layout-flex wp-container-core-columns-is-layout-9d6595d7 wp-block-columns-is-layout-flex\">\n<div class=\"wp-block-column is-vertically-aligned-center is-layout-flow wp-block-column-is-layout-flow\" style=\"flex-basis:66.66%\">\n<figure class=\"wp-block-gallery alignfull has-nested-images columns-default is-cropped wp-block-gallery-2 is-layout-flex wp-block-gallery-is-layout-flex\">\n<figure class=\"wp-block-image size-large\"><img loading=\"lazy\" decoding=\"async\" width=\"1016\" height=\"1024\" data-id=\"2258\" src=\"https:\/\/acdaguilar.net\/wp-content\/uploads\/2024\/05\/SKATE3-1016x1024.png\" alt=\"\" class=\"wp-image-2258\" srcset=\"https:\/\/acdaguilar.net\/wp-content\/uploads\/2024\/05\/SKATE3-1016x1024.png 1016w, https:\/\/acdaguilar.net\/wp-content\/uploads\/2024\/05\/SKATE3-298x300.png 298w, https:\/\/acdaguilar.net\/wp-content\/uploads\/2024\/05\/SKATE3-150x150.png 150w, https:\/\/acdaguilar.net\/wp-content\/uploads\/2024\/05\/SKATE3-768x774.png 768w, https:\/\/acdaguilar.net\/wp-content\/uploads\/2024\/05\/SKATE3-1200x1209.png 1200w, https:\/\/acdaguilar.net\/wp-content\/uploads\/2024\/05\/SKATE3.png 1332w\" sizes=\"auto, (max-width: 1016px) 100vw, 1016px\" \/><\/figure>\n\n\n\n<figure class=\"wp-block-image size-large\"><img loading=\"lazy\" decoding=\"async\" width=\"1024\" height=\"1022\" data-id=\"2257\" src=\"https:\/\/acdaguilar.net\/wp-content\/uploads\/2024\/05\/SKATE2-1024x1022.png\" alt=\"\" class=\"wp-image-2257\" srcset=\"https:\/\/acdaguilar.net\/wp-content\/uploads\/2024\/05\/SKATE2-1024x1022.png 1024w, https:\/\/acdaguilar.net\/wp-content\/uploads\/2024\/05\/SKATE2-300x300.png 300w, https:\/\/acdaguilar.net\/wp-content\/uploads\/2024\/05\/SKATE2-150x150.png 150w, https:\/\/acdaguilar.net\/wp-content\/uploads\/2024\/05\/SKATE2-768x767.png 768w, https:\/\/acdaguilar.net\/wp-content\/uploads\/2024\/05\/SKATE2-1200x1198.png 1200w, https:\/\/acdaguilar.net\/wp-content\/uploads\/2024\/05\/SKATE2.png 1326w\" sizes=\"auto, (max-width: 1024px) 100vw, 1024px\" \/><\/figure>\n\n\n\n<figure class=\"wp-block-image size-large\"><img loading=\"lazy\" decoding=\"async\" width=\"1024\" height=\"764\" data-id=\"2276\" src=\"https:\/\/acdaguilar.net\/wp-content\/uploads\/2024\/05\/LUIS-MANUEL-ROJAS1-1024x764.png\" alt=\"\" class=\"wp-image-2276\" srcset=\"https:\/\/acdaguilar.net\/wp-content\/uploads\/2024\/05\/LUIS-MANUEL-ROJAS1-1024x764.png 1024w, https:\/\/acdaguilar.net\/wp-content\/uploads\/2024\/05\/LUIS-MANUEL-ROJAS1-300x224.png 300w, https:\/\/acdaguilar.net\/wp-content\/uploads\/2024\/05\/LUIS-MANUEL-ROJAS1-768x573.png 768w, https:\/\/acdaguilar.net\/wp-content\/uploads\/2024\/05\/LUIS-MANUEL-ROJAS1-1200x896.png 1200w, https:\/\/acdaguilar.net\/wp-content\/uploads\/2024\/05\/LUIS-MANUEL-ROJAS1.png 1392w\" sizes=\"auto, (max-width: 1024px) 100vw, 1024px\" \/><\/figure>\n\n\n\n<figure class=\"wp-block-image size-large\"><img loading=\"lazy\" decoding=\"async\" width=\"1024\" height=\"760\" data-id=\"2277\" src=\"https:\/\/acdaguilar.net\/wp-content\/uploads\/2024\/05\/LUIS-MANUEL-ROJAS2-1024x760.png\" alt=\"\" class=\"wp-image-2277\" srcset=\"https:\/\/acdaguilar.net\/wp-content\/uploads\/2024\/05\/LUIS-MANUEL-ROJAS2-1024x760.png 1024w, https:\/\/acdaguilar.net\/wp-content\/uploads\/2024\/05\/LUIS-MANUEL-ROJAS2-300x223.png 300w, https:\/\/acdaguilar.net\/wp-content\/uploads\/2024\/05\/LUIS-MANUEL-ROJAS2-768x570.png 768w, https:\/\/acdaguilar.net\/wp-content\/uploads\/2024\/05\/LUIS-MANUEL-ROJAS2-1200x891.png 1200w, https:\/\/acdaguilar.net\/wp-content\/uploads\/2024\/05\/LUIS-MANUEL-ROJAS2.png 1392w\" sizes=\"auto, (max-width: 1024px) 100vw, 1024px\" \/><\/figure>\n\n\n\n<figure class=\"wp-block-image size-large\"><img loading=\"lazy\" decoding=\"async\" width=\"1024\" height=\"1004\" data-id=\"2256\" src=\"https:\/\/acdaguilar.net\/wp-content\/uploads\/2024\/05\/SKATE1-1024x1004.png\" alt=\"\" class=\"wp-image-2256\" srcset=\"https:\/\/acdaguilar.net\/wp-content\/uploads\/2024\/05\/SKATE1-1024x1004.png 1024w, https:\/\/acdaguilar.net\/wp-content\/uploads\/2024\/05\/SKATE1-300x294.png 300w, https:\/\/acdaguilar.net\/wp-content\/uploads\/2024\/05\/SKATE1-768x753.png 768w, https:\/\/acdaguilar.net\/wp-content\/uploads\/2024\/05\/SKATE1-1200x1177.png 1200w, https:\/\/acdaguilar.net\/wp-content\/uploads\/2024\/05\/SKATE1.png 1344w\" sizes=\"auto, (max-width: 1024px) 100vw, 1024px\" \/><\/figure>\n<\/figure>\n<\/div>\n\n\n\n<div class=\"wp-block-column is-vertically-aligned-center is-layout-flow wp-block-column-is-layout-flow\" style=\"flex-basis:33.33%\">\n<h5 class=\"wp-block-heading alignfull has-text-align-center has-text-color has-link-color wp-elements-1e29534799a0f3aa6588eb028b6a3972\" style=\"color:#030389\">Delegaci\u00f3n de El Carmen de Ordaz en el Municipio de Ahualilco de Mercado, Jalisco.<\/h5>\n<\/div>\n<\/div>\n\n\n<div class=\"wp-block-image\">\n<figure class=\"alignleft size-full is-resized\"><img loading=\"lazy\" decoding=\"async\" width=\"617\" height=\"334\" src=\"https:\/\/acdaguilar.net\/wp-content\/uploads\/2024\/04\/WhatsApp-Image-2024-04-14-at-1.25.21-AM.jpeg\" alt=\"\" class=\"wp-image-2155\" style=\"width:231px;height:auto\" srcset=\"https:\/\/acdaguilar.net\/wp-content\/uploads\/2024\/04\/WhatsApp-Image-2024-04-14-at-1.25.21-AM.jpeg 617w, https:\/\/acdaguilar.net\/wp-content\/uploads\/2024\/04\/WhatsApp-Image-2024-04-14-at-1.25.21-AM-300x162.jpeg 300w\" sizes=\"auto, (max-width: 617px) 100vw, 617px\" \/><\/figure>\n<\/div>","protected":false},"excerpt":{"rendered":"<p>Delegaci\u00f3n La Resolana, municipio de Acatl\u00e1n de Ju\u00e1rez, Jalisco Calles Hidalgo y \u00c1vila Camacho Construcci\u00f3n de parque p\u00fablico Municipio de Atoyac, Jalisco Unidad Deportiva Construcci\u00f3n de la segunda etapa de la Unidad Deportiva Luis Manuel Rojas Delegaci\u00f3n de El Carmen de Ordaz en el Municipio de Ahualilco de Mercado, Jalisco.<\/p>\n","protected":false},"author":1,"featured_media":0,"parent":0,"menu_order":0,"comment_status":"closed","ping_status":"closed","template":"","meta":{"footnotes":""},"class_list":["post-1951","page","type-page","status-publish","hentry"],"_links":{"self":[{"href":"https:\/\/acdaguilar.net\/index.php\/wp-json\/wp\/v2\/pages\/1951","targetHints":{"allow":["GET"]}}],"collection":[{"href":"https:\/\/acdaguilar.net\/index.php\/wp-json\/wp\/v2\/pages"}],"about":[{"href":"https:\/\/acdaguilar.net\/index.php\/wp-json\/wp\/v2\/types\/page"}],"author":[{"embeddable":true,"href":"https:\/\/acdaguilar.net\/index.php\/wp-json\/wp\/v2\/users\/1"}],"replies":[{"embeddable":true,"href":"https:\/\/acdaguilar.net\/index.php\/wp-json\/wp\/v2\/comments?post=1951"}],"version-history":[{"count":18,"href":"https:\/\/acdaguilar.net\/index.php\/wp-json\/wp\/v2\/pages\/1951\/revisions"}],"predecessor-version":[{"id":2284,"href":"https:\/\/acdaguilar.net\/index.php\/wp-json\/wp\/v2\/pages\/1951\/revisions\/2284"}],"wp:attachment":[{"href":"https:\/\/acdaguilar.net\/index.php\/wp-json\/wp\/v2\/media?parent=1951"}],"curies":[{"name":"wp","href":"https:\/\/api.w.org\/{rel}","templated":true}]}}