{"id":2227,"date":"2024-04-28T02:36:24","date_gmt":"2024-04-28T02:36:24","guid":{"rendered":"https:\/\/acdaguilar.net\/?page_id=2227"},"modified":"2024-04-28T04:07:36","modified_gmt":"2024-04-28T04:07:36","slug":"nosotros","status":"publish","type":"page","link":"https:\/\/acdaguilar.net\/index.php\/nosotros\/","title":{"rendered":"Nosotros"},"content":{"rendered":"\n<div class=\"wp-block-columns alignfull are-vertically-aligned-center is-layout-flex wp-container-core-columns-is-layout-9d6595d7 wp-block-columns-is-layout-flex\">\n<div class=\"wp-block-column is-vertically-aligned-center is-layout-flow wp-block-column-is-layout-flow\" style=\"flex-basis:33.33%\">\n<h2 class=\"wp-block-heading alignfull has-text-color has-link-color wp-elements-2fd2d5208bc5d5e041721e07b5445de4\" style=\"color:#030389\">Asesor\u00eda, Construcci\u00f3n y Dise\u00f1o Aguilar<\/h2>\n<\/div>\n\n\n\n<div class=\"wp-block-column is-vertically-aligned-center is-layout-flow wp-block-column-is-layout-flow\" style=\"flex-basis:66.66%\">\n<h5 class=\"wp-block-heading alignfull has-normal-font-size\">Es un equipo multidisciplinario conformado por arquitectos, urbanistas, dise\u00f1adores e ingenieros cuyo trabajo es el de proveer proyectos  integrales arquitect\u00f3nicos y urbanos a municipios de Jalisco, que incrementen la calidad de vida del usuario en los sectores p\u00fablico y privado. En el \u00e1rea comercial contamos con un grupo extenso de proveedores y un \u00e1rea de atenci\u00f3n al cliente enfocado en proveer al cliente de material que le sea de utilidad.<\/h5>\n<\/div>\n<\/div>\n\n\n\n<div style=\"height:74px\" aria-hidden=\"true\" class=\"wp-block-spacer\"><\/div>\n\n\n\n<div class=\"wp-block-columns alignfull are-vertically-aligned-center has-background-background-color has-background is-layout-flex wp-container-core-columns-is-layout-9d6595d7 wp-block-columns-is-layout-flex\">\n<div class=\"wp-block-column is-vertically-aligned-center is-layout-flow wp-block-column-is-layout-flow\">\n<div class=\"wp-block-cover alignfull\"><span aria-hidden=\"true\" class=\"wp-block-cover__background has-primary-background-color has-background-dim-70 has-background-dim\"><\/span><video class=\"wp-block-cover__video-background intrinsic-ignore\" autoplay muted loop playsinline src=\"https:\/\/acdaguilar.net\/wp-content\/uploads\/2024\/04\/5716224-uhd_2160_3840_30fps.mp4\" data-object-fit=\"cover\"><\/video><div class=\"wp-block-cover__inner-container is-layout-flow wp-block-cover-is-layout-flow\">\n<div class=\"wp-block-group alignfull\"><div class=\"wp-block-group__inner-container is-layout-constrained wp-block-group-is-layout-constrained\">\n<h2 class=\"wp-block-heading alignfull has-text-align-center\">Misi\u00f3n<\/h2>\n<\/div><\/div>\n<\/div><\/div>\n<\/div>\n\n\n\n<div class=\"wp-block-column is-vertically-aligned-center is-layout-flow wp-block-column-is-layout-flow\">\n<h5 class=\"wp-block-heading alignfull has-text-align-center has-text-color has-link-color has-small-font-size wp-elements-bb9c77d9c4cdcfb5dd1f78fc6b2e8a45\" style=\"color:#030389\">Somos una empresa constructora dedicada a la construcci\u00f3n de proyectos de arquitectura y obra civil en el \u00e1mbito p\u00fablico y privado, cuya misi\u00f3n es satisfacer las necesidades de clientes antes, durante y despu\u00e9s de finalizado el proyecto. Dando cumplimiento a los est\u00e1ndares de calidad de plazos fijados por este, satisfaciendo a nuestros clientes por medio de la exigencia en el control de calidad de nuestros productos terminados.<\/h5>\n<\/div>\n\n\n\n<div class=\"wp-block-column is-vertically-aligned-center is-layout-flow wp-block-column-is-layout-flow\">\n<div class=\"wp-block-cover alignfull is-light\" style=\"min-height:439px;aspect-ratio:unset;\"><span aria-hidden=\"true\" class=\"wp-block-cover__background has-background-dim-10 has-background-dim\"><\/span><video class=\"wp-block-cover__video-background intrinsic-ignore\" autoplay muted loop playsinline src=\"https:\/\/acdaguilar.net\/wp-content\/uploads\/2024\/04\/5712757-uhd_2160_3840_25fps-1.mp4\" style=\"object-position:55% 91%\" data-object-fit=\"cover\" data-object-position=\"55% 91%\"><\/video><div class=\"wp-block-cover__inner-container is-layout-flow wp-block-cover-is-layout-flow\">\n<div class=\"wp-block-group alignfull\"><div class=\"wp-block-group__inner-container is-layout-constrained wp-block-group-is-layout-constrained\">\n<h2 class=\"wp-block-heading alignfull has-text-align-center has-background-color has-text-color has-link-color wp-elements-ab43eafe13e9170e4b7c0c6d637ecd62\">Visi\u00f3n<\/h2>\n<\/div><\/div>\n<\/div><\/div>\n<\/div>\n\n\n\n<div class=\"wp-block-column is-vertically-aligned-center is-layout-flow wp-block-column-is-layout-flow\">\n<h5 class=\"wp-block-heading alignfull has-text-align-center has-text-color has-link-color has-small-font-size wp-elements-c80e80fe3b60910af0664e74241e269c\" style=\"color:#030389\">Ser la empresa constructora de referencia a nivel regional, liderando el mercado por medio de la responsabilidad y eficiencia cumpliendo a tiempo con los trabajos encomendados, lograr que todo nuestro personal se sienta motivado y orgulloso de pertenecer a nuestra empresa fomentando el control y la calidad en el servicio dando m\u00e1s de s\u00ed mismos. Una empresa diversificada e integrada, comprometida y admirada por su capacidad de crear valor y de innovar para dar respuesta a las nuevas necesidades sociales.<\/h5>\n<\/div>\n<\/div>\n","protected":false},"excerpt":{"rendered":"<p>Asesor\u00eda, Construcci\u00f3n y Dise\u00f1o Aguilar Es un equipo multidisciplinario conformado por arquitectos, urbanistas, dise\u00f1adores e ingenieros cuyo trabajo es el de proveer proyectos integrales arquitect\u00f3nicos y urbanos a municipios de Jalisco, que incrementen la calidad de vida del usuario en los sectores p\u00fablico y privado. En el \u00e1rea comercial contamos con un grupo extenso de [&hellip;]<\/p>\n","protected":false},"author":1,"featured_media":0,"parent":0,"menu_order":0,"comment_status":"closed","ping_status":"closed","template":"","meta":{"footnotes":""},"class_list":["post-2227","page","type-page","status-publish","hentry"],"_links":{"self":[{"href":"https:\/\/acdaguilar.net\/index.php\/wp-json\/wp\/v2\/pages\/2227","targetHints":{"allow":["GET"]}}],"collection":[{"href":"https:\/\/acdaguilar.net\/index.php\/wp-json\/wp\/v2\/pages"}],"about":[{"href":"https:\/\/acdaguilar.net\/index.php\/wp-json\/wp\/v2\/types\/page"}],"author":[{"embeddable":true,"href":"https:\/\/acdaguilar.net\/index.php\/wp-json\/wp\/v2\/users\/1"}],"replies":[{"embeddable":true,"href":"https:\/\/acdaguilar.net\/index.php\/wp-json\/wp\/v2\/comments?post=2227"}],"version-history":[{"count":8,"href":"https:\/\/acdaguilar.net\/index.php\/wp-json\/wp\/v2\/pages\/2227\/revisions"}],"predecessor-version":[{"id":2245,"href":"https:\/\/acdaguilar.net\/index.php\/wp-json\/wp\/v2\/pages\/2227\/revisions\/2245"}],"wp:attachment":[{"href":"https:\/\/acdaguilar.net\/index.php\/wp-json\/wp\/v2\/media?parent=2227"}],"curies":[{"name":"wp","href":"https:\/\/api.w.org\/{rel}","templated":true}]}}